{"id":1671,"date":"2024-06-05T12:33:19","date_gmt":"2024-06-05T12:33:19","guid":{"rendered":"https:\/\/judo-club-hennef.de\/?page_id=1671"},"modified":"2025-10-27T10:47:07","modified_gmt":"2025-10-27T10:47:07","slug":"mitglied-werden","status":"publish","type":"page","link":"https:\/\/judo-club-hennef.de\/?page_id=1671","title":{"rendered":"Mitglied werden"},"content":{"rendered":"\n<h2 class=\"wp-block-heading\"><mark style=\"background-color:#abb8c3\" class=\"has-inline-color\">Probetraining<\/mark><\/h2>\n\n\n\n<p>Ihr k\u00f6nnt gerne 3 mal kostenlos zu einem Probetraining in unserem Verein vorbeikommen. Die passenden Trainingszeiten f\u00fcr euer Alter (bzw. das eurer Kinder) findet ihr <a href=\"https:\/\/judo-club-hennef.de\/?page_id=31\">hier<\/a>.<\/p>\n\n\n\n<p>F\u00fcr das Probetraining braucht ihr nur sportliche Kleidung (lange Hose und Shirt ohne Rei\u00dfverschl\u00fcsse) und Schlappen\/ Badelatschen. Eine Trinkflasche mit Wasser empfehlen wir auch noch mitzubringen.<\/p>\n\n\n\n<h2 class=\"wp-block-heading\"><mark style=\"background-color:#abb8c3\" class=\"has-inline-color\">Kosten<\/mark><\/h2>\n\n\n\n<div class=\"wp-block-group\"><div class=\"wp-block-group__inner-container is-layout-constrained wp-block-group-is-layout-constrained\">\n<div class=\"wp-block-group\"><div class=\"wp-block-group__inner-container is-layout-constrained wp-block-group-is-layout-constrained\">\n<p><strong><mark style=\"background-color:rgba(0, 0, 0, 0)\" class=\"has-inline-color has-vivid-red-color\">Aufnahmegeb\u00fchr<\/mark> <\/strong>(einmalig bei Aufnahme): 30,68 \u20ac<\/p>\n\n\n\n<div style=\"height:20px\" aria-hidden=\"true\" class=\"wp-block-spacer\"><\/div>\n\n\n\n<p><mark style=\"background-color:rgba(0, 0, 0, 0)\" class=\"has-inline-color has-vivid-red-color\"><strong>Jahresumlage <\/strong>(<\/mark>j\u00e4hrlich im Januar bzw. erstmalig bei Aufnahme): 25,00 \u20ac<\/p>\n\n\n\n<p><em>Die Jahresumlage beinhaltet den Verbandsbeitrag und den Beitrag zur Sporthilfeversicherung.<\/em><\/p>\n\n\n\n<div style=\"height:20px\" aria-hidden=\"true\" class=\"wp-block-spacer\"><\/div>\n<\/div><\/div>\n<\/div><\/div>\n\n\n\n<div class=\"wp-block-group\"><div class=\"wp-block-group__inner-container is-layout-constrained wp-block-group-is-layout-constrained\">\n<p><mark style=\"background-color:rgba(0, 0, 0, 0)\" class=\"has-inline-color has-vivid-red-color\"><strong>Monatsbeitrag<\/strong>: <\/mark><em>(Abbuchung immer quartalsweise)<\/em><\/p>\n\n\n\n<p>1. Familienmitglied: 20,00 \u20ac<\/p>\n\n\n\n<p>2. Familienmitglied: 14,00 \u20ac<\/p>\n\n\n\n<p>3. Familienmitglied: 5,00 \u20ac<\/p>\n\n\n\n<p>jedes weitere Familienmitglied kostenlos<\/p>\n\n\n\n<div style=\"height:20px\" aria-hidden=\"true\" class=\"wp-block-spacer\"><\/div>\n<\/div><\/div>\n\n\n\n<div class=\"wp-block-group\"><div class=\"wp-block-group__inner-container is-layout-constrained wp-block-group-is-layout-constrained\">\n<p><mark style=\"background-color:rgba(0, 0, 0, 0)\" class=\"has-inline-color has-vivid-red-color\"><strong>Geb\u00fchren f\u00fcr die G\u00fcrtelpr\u00fcfung<\/strong>:<\/mark><\/p>\n\n\n\n<p>wei\u00df-gelb (1. Pr\u00fcfung): 10,00 \u20ac<\/p>\n\n\n\n<p>alle weiteren Pr\u00fcfungen: 29,00 \u20ac<\/p>\n\n\n\n<div style=\"height:20px\" aria-hidden=\"true\" class=\"wp-block-spacer\"><\/div>\n<\/div><\/div>\n\n\n\n<div class=\"wp-block-group\"><div class=\"wp-block-group__inner-container is-layout-constrained wp-block-group-is-layout-constrained\">\n<p><strong><mark style=\"background-color:rgba(0, 0, 0, 0)\" class=\"has-inline-color has-vivid-red-color\">R\u00fccklastschriften:<\/mark><\/strong><\/p>\n\n\n\n<p>Sollte eure Beitragszahlung unbezahlt von der Bank zur\u00fcckgegeben werden, erheben wir f\u00fcr die erste Mahnung eine Geb\u00fchr i. H. v. 2,00 \u20ac, f\u00fcr die 2. Mahnung i. H. v. 5,00 \u20ac. Au\u00dferdem habt ihr die Kosten der R\u00fccklastschrift, mit denen uns eure Bank belastet, zu tragen. <\/p>\n<\/div><\/div>\n\n\n\n<h2 class=\"wp-block-heading\"><mark style=\"background-color:#abb8c3\" class=\"has-inline-color\">Leistungen<\/mark><\/h2>\n\n\n\n<p>Als Mitglied in unserem Verein k\u00f6nnt ihr einmal oder mehrmals die Woche f\u00fcr euren Beitrag trainieren. Au\u00dferdem werden die Startgelder f\u00fcr die Wettk\u00e4mpfe im Normalfall von uns \u00fcbernommen. Die j\u00e4hrlich stattfindenden Jugendma\u00dfnahmen werden durch den Verein subventioniert.<\/p>\n\n\n\n<h2 class=\"wp-block-heading\"><mark style=\"background-color:#abb8c3\" class=\"has-inline-color\">Aufnahmeantr\u00e4ge<\/mark><\/h2>\n\n\n\n<p>Ihr bekommt die Aufnahmeantr\u00e4ge in ausgedruckter Form auch bei eurem Trainer. Bitte gebt euren ausgef\u00fcllten Antrag zusammen mit einem Passfoto f\u00fcr den digitalen Judopass bei eurem Trainer ab. Alternativ k\u00f6nnt ihr das Foto auch per Email an kontakt@jc-hennef.de schicken (Ohne ein Foto kann der Pass nicht bestellt werden und auch keine Pr\u00fcfungen abgelegt oder Wettk\u00e4mpfe besucht werden).<\/p>\n\n\n\n<div class=\"wp-block-cover is-light\" style=\"min-height:241px;aspect-ratio:unset;\"><span aria-hidden=\"true\" class=\"wp-block-cover__background has-background-dim\"><\/span><div class=\"wp-block-cover__inner-container is-layout-flow wp-block-cover-is-layout-flow\">\n<div class=\"wp-block-group\"><div class=\"wp-block-group__inner-container is-layout-constrained wp-block-group-is-layout-constrained\">\n<h4 class=\"wp-block-heading\"><mark style=\"background-color:#cf2e2e\" class=\"has-inline-color has-white-color\">Aufnahmeantrag Hennef<\/mark><\/h4>\n\n\n\n<div class=\"wp-block-file\"><a id=\"wp-block-file--media-d05eb85d-fef6-46e8-98fa-0b63a326eb6c\" href=\"https:\/\/judo-club-hennef.de\/wp-content\/uploads\/2025\/09\/Aufnahmeantrag-Hennef-digital.pdf\" target=\"_blank\" rel=\"noreferrer noopener\">Aufnahmeantrag Hennef digital<\/a><a href=\"https:\/\/judo-club-hennef.de\/wp-content\/uploads\/2025\/09\/Aufnahmeantrag-Hennef-digital.pdf\" class=\"wp-block-file__button wp-element-button\" download aria-describedby=\"wp-block-file--media-d05eb85d-fef6-46e8-98fa-0b63a326eb6c\"><em>Herunterladen<\/em><\/a><\/div>\n\n\n\n<div class=\"wp-block-file\"><a id=\"wp-block-file--media-61c0a841-a7bf-40e6-aa85-638a2bf4cb62\" href=\"https:\/\/judo-club-hennef.de\/wp-content\/uploads\/2025\/09\/Vertragliche-Vereinbarungen_Hennef_Linz_2025.pdf\" target=\"_blank\" rel=\"noreferrer noopener\">Vertragliche Vereinbarungen_Hennef<\/a><a href=\"https:\/\/judo-club-hennef.de\/wp-content\/uploads\/2025\/09\/Vertragliche-Vereinbarungen_Hennef_Linz_2025.pdf\" class=\"wp-block-file__button wp-element-button\" download aria-describedby=\"wp-block-file--media-61c0a841-a7bf-40e6-aa85-638a2bf4cb62\"><em>Herunterladen<\/em><\/a><\/div>\n\n\n\n<div class=\"wp-block-file\"><a id=\"wp-block-file--media-abf52cc6-64c2-4c44-b162-b8f713e9bcba\" href=\"https:\/\/judo-club-hennef.de\/wp-content\/uploads\/2025\/09\/Merkblatt-Informationspflichten_Hennef_Linz_digital.pdf\" target=\"_blank\" rel=\"noreferrer noopener\">Merkblatt Informationspflichten_Hennef<\/a><a href=\"https:\/\/judo-club-hennef.de\/wp-content\/uploads\/2025\/09\/Merkblatt-Informationspflichten_Hennef_Linz_digital.pdf\" class=\"wp-block-file__button wp-element-button\" download aria-describedby=\"wp-block-file--media-abf52cc6-64c2-4c44-b162-b8f713e9bcba\"><em>Herunterladen<\/em><\/a><\/div>\n<\/div><\/div>\n<\/div><\/div>\n\n\n\n<hr class=\"wp-block-separator has-alpha-channel-opacity\"\/>\n\n\n\n<div class=\"wp-block-cover is-light\" style=\"min-height:212px;aspect-ratio:unset;\"><span aria-hidden=\"true\" class=\"wp-block-cover__background has-background-dim\"><\/span><div class=\"wp-block-cover__inner-container is-layout-flow wp-block-cover-is-layout-flow\">\n<div class=\"wp-block-group\"><div class=\"wp-block-group__inner-container is-layout-constrained wp-block-group-is-layout-constrained\">\n<h4 class=\"wp-block-heading\"><mark style=\"background-color:#cf2e2e\" class=\"has-inline-color has-white-color\">Aufnahmeantrag Linz<\/mark><\/h4>\n\n\n\n<div class=\"wp-block-file\"><a id=\"wp-block-file--media-4c13b9a8-e4e7-4225-afde-bbd0ca9f710c\" href=\"https:\/\/judo-club-hennef.de\/wp-content\/uploads\/2025\/09\/Aufnahmeantrag-Linz-digital.pdf\" target=\"_blank\" rel=\"noreferrer noopener\">Aufnahmeantrag Linz digital<\/a><a href=\"https:\/\/judo-club-hennef.de\/wp-content\/uploads\/2025\/09\/Aufnahmeantrag-Linz-digital.pdf\" class=\"wp-block-file__button wp-element-button\" download aria-describedby=\"wp-block-file--media-4c13b9a8-e4e7-4225-afde-bbd0ca9f710c\"><em>Herunterladen<\/em><\/a><\/div>\n\n\n\n<div class=\"wp-block-file\"><a id=\"wp-block-file--media-f6d27260-c5b5-4b93-970d-0d11a93a35c0\" href=\"https:\/\/judo-club-hennef.de\/wp-content\/uploads\/2025\/09\/Vertragliche-Vereinbarungen_Hennef_Linz_2025-1.pdf\" target=\"_blank\" rel=\"noreferrer noopener\">Vertragliche Vereinbarungen_Linz<\/a><a href=\"https:\/\/judo-club-hennef.de\/wp-content\/uploads\/2025\/09\/Vertragliche-Vereinbarungen_Hennef_Linz_2025-1.pdf\" class=\"wp-block-file__button wp-element-button\" download aria-describedby=\"wp-block-file--media-f6d27260-c5b5-4b93-970d-0d11a93a35c0\"><em>Herunterladen<\/em><\/a><\/div>\n\n\n\n<div class=\"wp-block-file\"><a id=\"wp-block-file--media-0a4348b5-6ac9-4ced-9c6b-af0306bd02f0\" href=\"https:\/\/judo-club-hennef.de\/wp-content\/uploads\/2025\/09\/Merkblatt-Informationspflichten_Hennef_Linz_digital-1.pdf\" target=\"_blank\" rel=\"noreferrer noopener\">Merkblatt Informationspflichten_Linz<\/a><a href=\"https:\/\/judo-club-hennef.de\/wp-content\/uploads\/2025\/09\/Merkblatt-Informationspflichten_Hennef_Linz_digital-1.pdf\" class=\"wp-block-file__button wp-element-button\" download aria-describedby=\"wp-block-file--media-0a4348b5-6ac9-4ced-9c6b-af0306bd02f0\"><em>Herunterladen<\/em><\/a><\/div>\n<\/div><\/div>\n<\/div><\/div>\n\n\n\n<hr class=\"wp-block-separator has-alpha-channel-opacity\"\/>\n\n\n\n<div class=\"wp-block-cover is-light\" style=\"min-height:162px;aspect-ratio:unset;\"><span aria-hidden=\"true\" class=\"wp-block-cover__background has-background-dim\"><\/span><div class=\"wp-block-cover__inner-container is-layout-flow wp-block-cover-is-layout-flow\">\n<div class=\"wp-block-group\"><div class=\"wp-block-group__inner-container is-layout-constrained wp-block-group-is-layout-constrained\">\n<h4 class=\"wp-block-heading\"><mark style=\"background-color:#cf2e2e\" class=\"has-inline-color has-white-color\">Aufnahmeantrag Eitorf<\/mark><\/h4>\n\n\n\n<div class=\"wp-block-file\"><a id=\"wp-block-file--media-cf883f76-5329-465b-8b8e-b9406b7a1cbe\" href=\"https:\/\/judo-club-hennef.de\/wp-content\/uploads\/2025\/10\/Aufnahmeantrag-Eitorf-digital.pdf\" target=\"_blank\" rel=\"noreferrer noopener\">Aufnahmeantrag Eitorf digital<\/a><a href=\"https:\/\/judo-club-hennef.de\/wp-content\/uploads\/2025\/10\/Aufnahmeantrag-Eitorf-digital.pdf\" class=\"wp-block-file__button wp-element-button\" download aria-describedby=\"wp-block-file--media-cf883f76-5329-465b-8b8e-b9406b7a1cbe\"><em>Herunterladen<\/em><\/a><\/div>\n\n\n\n<div class=\"wp-block-file\"><a id=\"wp-block-file--media-bedd6c35-5d05-49a9-9a5d-1107e648ed25\" href=\"https:\/\/judo-club-hennef.de\/wp-content\/uploads\/2025\/09\/Vertragliche-Vereinbarungen_Eitorf_2025.pdf\" target=\"_blank\" rel=\"noreferrer noopener\">Vertragliche Vereinbarungen_Eitorf<\/a><a href=\"https:\/\/judo-club-hennef.de\/wp-content\/uploads\/2025\/09\/Vertragliche-Vereinbarungen_Eitorf_2025.pdf\" class=\"wp-block-file__button wp-element-button\" download aria-describedby=\"wp-block-file--media-bedd6c35-5d05-49a9-9a5d-1107e648ed25\"><em>Herunterladen<\/em><\/a><\/div>\n\n\n\n<div class=\"wp-block-file\"><a id=\"wp-block-file--media-ee630c1a-89de-48a0-9f01-5a2d517c8be3\" href=\"https:\/\/judo-club-hennef.de\/wp-content\/uploads\/2025\/09\/Merkblatt-Informationspflichten_Eitorf_digital.pdf\" target=\"_blank\" rel=\"noreferrer noopener\">Merkblatt Informationspflichten_Eitorf<\/a><a href=\"https:\/\/judo-club-hennef.de\/wp-content\/uploads\/2025\/09\/Merkblatt-Informationspflichten_Eitorf_digital.pdf\" class=\"wp-block-file__button wp-element-button\" download aria-describedby=\"wp-block-file--media-ee630c1a-89de-48a0-9f01-5a2d517c8be3\"><em>Herunterladen<\/em><\/a><\/div>\n<\/div><\/div>\n<\/div><\/div>\n\n\n\n<p><\/p>\n","protected":false},"excerpt":{"rendered":"<p>Probetraining Ihr k\u00f6nnt gerne 3 mal kostenlos zu einem Probetraining in unserem Verein vorbeikommen. Die passenden Trainingszeiten f\u00fcr euer Alter (bzw. das eurer Kinder) findet ihr hier. F\u00fcr das Probetraining braucht ihr nur sportliche Kleidung (lange Hose und Shirt ohne Rei\u00dfverschl\u00fcsse) und Schlappen\/ Badelatschen. Eine Trinkflasche mit Wasser empfehlen wir auch noch mitzubringen. Kosten Aufnahmegeb\u00fchr [&hellip;]<\/p>\n","protected":false},"author":1,"featured_media":0,"parent":0,"menu_order":0,"comment_status":"closed","ping_status":"closed","template":"","meta":{"footnotes":""},"class_list":["post-1671","page","type-page","status-publish","hentry"],"_links":{"self":[{"href":"https:\/\/judo-club-hennef.de\/index.php?rest_route=\/wp\/v2\/pages\/1671","targetHints":{"allow":["GET"]}}],"collection":[{"href":"https:\/\/judo-club-hennef.de\/index.php?rest_route=\/wp\/v2\/pages"}],"about":[{"href":"https:\/\/judo-club-hennef.de\/index.php?rest_route=\/wp\/v2\/types\/page"}],"author":[{"embeddable":true,"href":"https:\/\/judo-club-hennef.de\/index.php?rest_route=\/wp\/v2\/users\/1"}],"replies":[{"embeddable":true,"href":"https:\/\/judo-club-hennef.de\/index.php?rest_route=%2Fwp%2Fv2%2Fcomments&post=1671"}],"version-history":[{"count":39,"href":"https:\/\/judo-club-hennef.de\/index.php?rest_route=\/wp\/v2\/pages\/1671\/revisions"}],"predecessor-version":[{"id":2183,"href":"https:\/\/judo-club-hennef.de\/index.php?rest_route=\/wp\/v2\/pages\/1671\/revisions\/2183"}],"wp:attachment":[{"href":"https:\/\/judo-club-hennef.de\/index.php?rest_route=%2Fwp%2Fv2%2Fmedia&parent=1671"}],"curies":[{"name":"wp","href":"https:\/\/api.w.org\/{rel}","templated":true}]}}