{"id":1910,"date":"2025-03-19T10:42:26","date_gmt":"2025-03-19T10:42:26","guid":{"rendered":"https:\/\/judo-club-hennef.de\/?page_id=1910"},"modified":"2026-02-09T12:13:04","modified_gmt":"2026-02-09T12:13:04","slug":"digitale-judopaesse","status":"publish","type":"page","link":"https:\/\/judo-club-hennef.de\/?page_id=1910","title":{"rendered":"Digitale Judop\u00e4sse"},"content":{"rendered":"\n<p>Mitgliederbrief vom 19.03.2025 f\u00fcr Bestandsmitglieder zur Digitalisierung der vorhandenen Judop\u00e4sse<\/p>\n\n\n\n<div class=\"wp-block-file\"><a id=\"wp-block-file--media-bb9bb6e0-c13b-4c07-ad3e-b20ceb15434e\" href=\"https:\/\/judo-club-hennef.de\/wp-content\/uploads\/2025\/03\/Mitgliederbrief-Digitalisierung-der-Judopaesse.pdf\" target=\"_blank\" rel=\"noreferrer noopener\">Mitgliederbrief Digitalisierung der Judop\u00e4sse<\/a><\/div>\n\n\n\n<hr class=\"wp-block-separator has-alpha-channel-opacity\"\/>\n\n\n\n<p>Anleitung zum Anlegen eines Unterkontos f\u00fcr Kinder auf Dokume<\/p>\n\n\n\n<div class=\"wp-block-file\"><a id=\"wp-block-file--media-95dc4e23-8885-4b19-8f6a-1c24b8ec780e\" href=\"https:\/\/judo-club-hennef.de\/wp-content\/uploads\/2025\/03\/Anleitung_Unterkonto_anlegen.pdf\" target=\"_blank\" rel=\"noreferrer noopener\">Anleitung_Unterkonto_anlegen<\/a><\/div>\n\n\n\n<hr class=\"wp-block-separator has-alpha-channel-opacity\"\/>\n\n\n\n<p>Anleitung zur Vervollst\u00e4ndigung\/ Verifizierung des Judopasses<\/p>\n\n\n\n<div class=\"wp-block-file\"><a id=\"wp-block-file--media-b949020c-5a85-4414-8ada-f889b0761f74\" href=\"https:\/\/judo-club-hennef.de\/wp-content\/uploads\/2026\/02\/Anleitung-Vervollstaendigung_Verifizierung.pdf\" target=\"_blank\" rel=\"noreferrer noopener\">Anleitung Vervollst\u00e4ndigung_Verifizierung<\/a><\/div>\n\n\n\n<hr class=\"wp-block-separator has-alpha-channel-opacity\"\/>\n\n\n\n<p>Datenschutz und Nutzungsbedingungen <\/p>\n\n\n\n<div class=\"wp-block-file\"><a id=\"wp-block-file--media-7238b337-6ae4-4c62-aaa3-5538e29ada2a\" href=\"https:\/\/judo-club-hennef.de\/wp-content\/uploads\/2025\/09\/Datenschutzerklaerung-NWJV-01.pdf\" target=\"_blank\" rel=\"noreferrer noopener\">Datenschutzerkl\u00e4rung NWJV<\/a><\/div>\n\n\n\n<div class=\"wp-block-file\"><a id=\"wp-block-file--media-5ae1a8f8-6310-45d5-a652-88ab6cba9b8a\" href=\"https:\/\/judo-club-hennef.de\/wp-content\/uploads\/2025\/09\/Nutzungsbedingen-NWJV-01.pdf\" target=\"_blank\" rel=\"noreferrer noopener\">Nutzungsbedingen NWJV<\/a><\/div>\n\n\n\n<div class=\"wp-block-file\"><a id=\"wp-block-file--media-a0741064-8873-4e1b-8763-0dffa83c03b6\" href=\"https:\/\/judo-club-hennef.de\/wp-content\/uploads\/2025\/09\/DJB-Datenschutzerklaerung.pdf\" target=\"_blank\" rel=\"noreferrer noopener\">DJB Datenschutzerkl\u00e4rung<\/a><\/div>\n\n\n\n<div class=\"wp-block-file\"><a id=\"wp-block-file--media-60106118-c1c9-4957-b620-e53b03adda24\" href=\"https:\/\/judo-club-hennef.de\/wp-content\/uploads\/2025\/09\/DJB-Nutzungsbedingungen.pdf\" target=\"_blank\" rel=\"noreferrer noopener\">DJB Nutzungsbedingungen<\/a><\/div>\n\n\n\n<hr class=\"wp-block-separator has-alpha-channel-opacity\"\/>\n\n\n\n<p>Link zur Seite des Nordrhein-Westf\u00e4lischen Judo-Verbands \u00fcber den digitalen Judopass<\/p>\n\n\n\n<p><a href=\"https:\/\/www.nwjv.de\/vereinsservice\/materialbestellungen\/djb-judo-portal-neu-1?type=atom\">https:\/\/www.nwjv.de\/vereinsservice\/materialbestellungen\/djb-judo-portal-neu-1?type=atom<\/a><\/p>\n\n\n\n<hr class=\"wp-block-separator has-alpha-channel-opacity\"\/>\n\n\n\n<p><\/p>\n","protected":false},"excerpt":{"rendered":"<p>Mitgliederbrief vom 19.03.2025 f\u00fcr Bestandsmitglieder zur Digitalisierung der vorhandenen Judop\u00e4sse Anleitung zum Anlegen eines Unterkontos f\u00fcr Kinder auf Dokume Anleitung zur Vervollst\u00e4ndigung\/ Verifizierung des Judopasses Datenschutz und Nutzungsbedingungen Link zur Seite des Nordrhein-Westf\u00e4lischen Judo-Verbands \u00fcber den digitalen Judopass https:\/\/www.nwjv.de\/vereinsservice\/materialbestellungen\/djb-judo-portal-neu-1?type=atom<\/p>\n","protected":false},"author":1,"featured_media":0,"parent":0,"menu_order":0,"comment_status":"closed","ping_status":"closed","template":"","meta":{"footnotes":""},"class_list":["post-1910","page","type-page","status-publish","hentry"],"_links":{"self":[{"href":"https:\/\/judo-club-hennef.de\/index.php?rest_route=\/wp\/v2\/pages\/1910","targetHints":{"allow":["GET"]}}],"collection":[{"href":"https:\/\/judo-club-hennef.de\/index.php?rest_route=\/wp\/v2\/pages"}],"about":[{"href":"https:\/\/judo-club-hennef.de\/index.php?rest_route=\/wp\/v2\/types\/page"}],"author":[{"embeddable":true,"href":"https:\/\/judo-club-hennef.de\/index.php?rest_route=\/wp\/v2\/users\/1"}],"replies":[{"embeddable":true,"href":"https:\/\/judo-club-hennef.de\/index.php?rest_route=%2Fwp%2Fv2%2Fcomments&post=1910"}],"version-history":[{"count":11,"href":"https:\/\/judo-club-hennef.de\/index.php?rest_route=\/wp\/v2\/pages\/1910\/revisions"}],"predecessor-version":[{"id":2248,"href":"https:\/\/judo-club-hennef.de\/index.php?rest_route=\/wp\/v2\/pages\/1910\/revisions\/2248"}],"wp:attachment":[{"href":"https:\/\/judo-club-hennef.de\/index.php?rest_route=%2Fwp%2Fv2%2Fmedia&parent=1910"}],"curies":[{"name":"wp","href":"https:\/\/api.w.org\/{rel}","templated":true}]}}